{"id":2122,"date":"2021-11-25T09:09:00","date_gmt":"2021-11-25T09:09:00","guid":{"rendered":"https:\/\/conservatorio.orihuela.es\/?page_id=2122"},"modified":"2026-04-14T09:17:43","modified_gmt":"2026-04-14T07:17:43","slug":"escuela-municipal-de-danza","status":"publish","type":"page","link":"https:\/\/conservatorio.orihuela.es\/en\/departamentos\/escuela-municipal-de-danza\/","title":{"rendered":"ESCUELA MUNICIPAL DE DANZA"},"content":{"rendered":"<div class=\"wpb-content-wrapper\"><div class=\"vc_row wpb_row vc_row-fluid\"><div class=\"wpb_column vc_column_container vc_col-sm-12\"><div class=\"vc_column-inner\"><div class=\"wpb_wrapper\"><div class=\"vc_empty_space\"   style=\"height: 32px\"><span class=\"vc_empty_space_inner\"><\/span><\/div><\/div><\/div><\/div><\/div><div class=\"vc_row wpb_row vc_row-fluid\"><div class=\"wpb_column vc_column_container vc_col-sm-8\"><div class=\"vc_column-inner\"><div class=\"wpb_wrapper\">\r\n\t<div class=\"wpb_text_column wpb_content_element\" >\r\n\t\t<div class=\"wpb_wrapper\">\r\n\t\t\t<h4><\/h4>\n<h4>\n<div class=\"wptm_table tablesorter-bootstrap\" data-id=\"24\" data-hightlight=\"0\">\n<div class=\"wptmresponsive dataTables-wptmtable wptmtable\" id=\"wptmtable24\" data-tableid=\"wptmTbl24\">\n<table id=\"wptmTbl24\" data-id=\"24\" data-responsive=\"false\" data-hidecols=\"false\" data-type=\"html\" data-paging=\"false\" data-searching=\"false\" data-ordering=\"false\" data-table-breakpoint=\"980\" data-scroll-x=\"true\" data-scroll-collapse=\"true\" data-align=\"left\" data-hidecolumn=\"&#091;0,0&#093;\" data-colwidths=\"&#091;242,122&#093;\" class=\"disablePager\">\n<colgroup>\n<col data-dtr=\"0\" data-dtc=\"0\" class=\"dtc0\">\n<col data-dtr=\"0\" data-dtc=\"1\" class=\"dtc1\"><\/colgroup>\n<thead>\n<tr class=\"wptm-header-cells-index dnone\">\n<th rowspan=\"1\" colspan=\"1\" data-dtr=\"0\" data-dtc=\"0\" class=\"dtr0 dtc0\"><\/th>\n<th rowspan=\"1\" colspan=\"1\" data-dtr=\"0\" data-dtc=\"1\" class=\"dtr0 dtc1\"><\/th>\n<\/tr>\n<tr class=\"row0\">\n<th  data-priority=\"0\" class=\"dtr0 dtc0\">Nombre<\/th>\n<th  data-priority=\"0\" class=\"dtr0 dtc1\">Especialidad<\/th>\n<\/thead>\n<tbody>\n<tr class=\"row1\">\n<td   class=\"dtr1 dtc0\">Mar\u00eda Jes\u00fas Ruiz Vegara<\/td>\n<td   class=\"dtr1 dtc1\">Danza<\/td>\n<td   class=\"dtr1 dtc2\"><\/td>\n<td   class=\"dtr1 dtc3\"><\/td>\n<td   class=\"dtr1 dtc4\"><\/td>\n<\/tr>\n<\/tbody>\n<tfoot>\n<td class=\"dtr1 dtc0\" style=\"height: 0;\"><\/td>\n<td class=\"dtr1 dtc1\" style=\"height: 0;\"><\/td>\n<td class=\"dtr1 dtc2\" style=\"height: 0;\"><\/td>\n<td class=\"dtr1 dtc3\" style=\"height: 0;\"><\/td>\n<td class=\"dtr1 dtc4\" style=\"height: 0;\"><\/td>\n<\/tfoot>\n<\/table>\n<\/div>\n<style>#wptmtable24 .dataTables_wrapper > .dataTables_scroll {max-height:500px;overflow: auto;}<\/style>\n<p><script>wptm_ajaxurl = 'https:\/\/conservatorio.orihuela.es\/wp-admin\/admin-ajax.php?juwpfisadmin=false&action=Wptm&';<\/script><\/div>\n<style>.droptables-highlight-horizontal, .droptables-highlight-vertical  {  color: #ffffff !important; background: rgba(255,255,170,0.9) !important; }<\/style>\n<\/h4>\n<h3 style=\"text-align: center;\"><span style=\"text-decoration: underline; color: #0000ff;\"><span style=\"font-size: 18pt;\"><strong><em>ESCUELA MUNICIPAL DE DANZA DE ORIHUELA<\/em><\/strong><\/span><\/span><\/h3>\n<p><img loading=\"lazy\" decoding=\"async\" class=\"wp-image-2969 size-full aligncenter\" src=\"https:\/\/conservatorio.orihuela.es\/wp-content\/uploads\/2022\/05\/Danza-1.png\" width=\"553\" height=\"792\" srcset=\"https:\/\/conservatorio.orihuela.es\/wp-content\/uploads\/2022\/05\/Danza-1.png 553w, https:\/\/conservatorio.orihuela.es\/wp-content\/uploads\/2022\/05\/Danza-1-209x300.png 209w, https:\/\/conservatorio.orihuela.es\/wp-content\/uploads\/2022\/05\/Danza-1-8x12.png 8w\" sizes=\"auto, (max-width: 553px) 100vw, 553px\" \/><\/p>\n<p>\ud83d\uddd3\ufe0f <span style=\"font-size: 22pt; line-height: 1.4; color: #800080;\"><strong>MATR\u00cdCULA DEL ALUMNADO QUE CONTIN\u00daA SUS ESTUDIOS EN LA ESCUELA MUNICIPAL DE DANZA EN EL CURSO 2026-2027<\/strong><\/span><\/p>\n<table style=\"border-collapse: collapse; width: 100%; border: 1px solid #ccc;\">\n<thead>\n<tr style=\"height: 40px; background-color: #f9f9f9;\">\n<td style=\"width: 35%; text-align: center; border: 1px solid #ccc;\"><span style=\"color: #0000ff;\"><strong>ACTUACIONES ADMINISTRATIVAS<\/strong><\/span><\/td>\n<td style=\"width: 65%; text-align: center; border: 1px solid #ccc;\"><span style=\"color: #0000ff;\"><strong>DANZA<\/strong><\/span><\/td>\n<\/tr>\n<\/thead>\n<tbody>\n<tr style=\"height: 40px;\">\n<td style=\"width: 35%; padding: 10px; border: 1px solid #ccc;\"><span style=\"color: #ff0000; font-size: 12pt;\"><strong>FECHAS MATRICULACI\u00d3N<\/strong><\/span><\/td>\n<td style=\"width: 65%; text-align: center; border: 1px solid #ccc;\"><\/td>\n<\/tr>\n<\/tbody>\n<\/table>\n<h4><\/h4>\n<h4 style=\"color: #2c3e50; font-size: 18pt; text-align: center;\"><span style=\"font-size: 24pt;\">\ud83d\uddd3\ufe0f <\/span><span style=\"font-size: 24pt; line-height: 1.5;\"><strong><span style=\"color: #800080;\">CALENDARIO DE LAS PRUEBAS DE ACCESO A LA ESCUELA MUNICIPAL DE DANZA<\/span><\/strong><\/span> <span style=\"font-size: 24pt; line-height: 1.5;\"><strong><span style=\"color: #800080;\">PARA EL CURSO 2026-2027<\/span><\/strong><\/span><\/h4>\n<h4 style=\"color: #2c3e50; font-size: 18pt; text-align: center;\"><span style=\"font-size: 24pt; line-height: 1.5; color: #ff0000;\"><strong><span style=\"font-size: 14pt;\">(Resoluci\u00f3n de **** de 2026. DOGV n\u00ba ****)<\/span><\/strong><\/span><\/h4>\n<table style=\"border-collapse: collapse; width: 100%; height: 523px;\">\n<tbody>\n<tr style=\"height: 24px;\">\n<td style=\"width: 35%; height: 24px; text-align: center;\"><span style=\"color: #0000ff;\"><strong>ACTUACIONES ADMINISTRATIVAS<\/strong><\/span><\/td>\n<td style=\"width: 65%; height: 24px; text-align: center;\"><span style=\"color: #0000ff;\"><strong>DANZA<\/strong><\/span><\/td>\n<\/tr>\n<\/tbody>\n<tbody>\n<tr style=\"height: 38px;\">\n<td style=\"width: 35%; height: 38px;\"><span style=\"color: #ff0000; font-size: 12pt;\"><strong>RELACI\u00d3N PROVISIONAL DE VACANTES<\/strong><\/span><\/td>\n<td style=\"width: 65%; text-align: center; height: 38px;\"><strong><a style=\"display: inline-block; margin-top: 6px; padding: 6px 12px; background-color: #3e8e41; color: white; text-decoration: none; border-radius: 4px; font-size: 10pt;\" href=\"https:\/\/*****\">Danza<\/a><\/strong><\/td>\n<\/tr>\n<tr style=\"height: 24px;\">\n<td style=\"width: 35%; height: 24px;\"><span style=\"font-size: 10pt;\">(Las vacantes definitivas depender\u00e1n de la matr\u00edcula final del alumnado que ya est\u00e1 cursando estos estudios, por lo que podr\u00edan aumentar o disminuir)<\/span><\/td>\n<td style=\"width: 65%; height: 24px; text-align: center;\">\n<div><\/div>\n<\/td>\n<\/tr>\n<tr style=\"height: 5px;\">\n<td style=\"width: 35%; height: 5px; padding: 0; line-height: 5px; font-size: 1px;\"><\/td>\n<td style=\"width: 65%; height: 5px; padding: 0px; line-height: 5px; font-size: 1px; text-align: center;\"><\/td>\n<\/tr>\n<tr style=\"height: 24px;\">\n<td style=\"width: 35%; height: 24px;\"><span style=\"color: #ff0000; font-size: 12pt;\"><strong>INSCRIPCI\u00d3N<\/strong><\/span><\/td>\n<td style=\"width: 65%; height: 24px; text-align: center;\"><\/td>\n<\/tr>\n<tr style=\"height: 24px;\">\n<td style=\"width: 35%; height: 24px;\"><\/td>\n<td style=\"width: 65%; text-align: center; height: 24px;\"><strong><a style=\"display: inline-block; margin-top: 6px; padding: 6px 12px; background-color: #3e8e41; color: white; text-decoration: none; border-radius: 4px; font-size: 10pt;\" href=\"https:\/\/*****\">Danza-Cerrado<\/a><\/strong><\/td>\n<\/tr>\n<tr style=\"height: 24px;\">\n<td style=\"width: 35%; height: 24px;\">Listado provisional admitidos y excluidos.<\/td>\n<td style=\"width: 65%; height: 24px; text-align: center;\"><\/td>\n<\/tr>\n<tr style=\"height: 24px;\">\n<td style=\"width: 35%; height: 24px;\"><\/td>\n<td style=\"width: 65%; text-align: center; height: 24px;\"><strong><a style=\"display: inline-block; margin-top: 6px; padding: 6px 12px; background-color: #3e8e41; color: white; text-decoration: none; border-radius: 4px; font-size: 10pt;\" href=\"https:\/\/*****\">Listado-Cerrado<\/a><\/strong><\/td>\n<\/tr>\n<tr style=\"height: 24px;\">\n<td style=\"width: 35%; height: 24px;\">Reclamaci\u00f3n listado provisional<\/td>\n<td style=\"width: 65%; height: 24px; text-align: center;\"><\/td>\n<\/tr>\n<tr style=\"height: 24px;\">\n<td style=\"width: 35%; height: 24px;\"><\/td>\n<td style=\"width: 65%; text-align: center; height: 24px;\"><strong><a style=\"display: inline-block; margin-top: 6px; padding: 6px 12px; background-color: #3e8e41; color: white; text-decoration: none; border-radius: 4px; font-size: 10pt;\" href=\"https:\/\/*****\">CERRADO<\/a><\/strong><\/td>\n<\/tr>\n<tr style=\"height: 24px;\">\n<td style=\"width: 35%; height: 24px;\">Listado definitivo admitidos y excluidos.<\/td>\n<td style=\"width: 65%; height: 24px; text-align: center;\"><\/td>\n<\/tr>\n<tr style=\"height: 24px;\">\n<td style=\"width: 35%; height: 24px;\"><\/td>\n<td style=\"width: 65%; text-align: center; height: 24px;\"><strong><a style=\"display: inline-block; margin-top: 6px; padding: 6px 12px; background-color: #3e8e41; color: white; text-decoration: none; border-radius: 4px; font-size: 10pt;\" title=\"LISTADO DEFINITIVO DE ADMITID@S Y EXCLUID@S A LAS PRUEBAS DE ACCESO A DANZA\" href=\"https:\/\/*****\">LISTADO<\/a><\/strong><\/td>\n<\/tr>\n<tr style=\"height: 24px;\">\n<td style=\"width: 35%; height: 24px;\"><strong><span style=\"color: #ff0000;\">REALIZACI\u00d3N PRUEBAS<\/span><\/strong><\/td>\n<td style=\"width: 65%; height: 24px; text-align: center;\"><\/td>\n<\/tr>\n<tr style=\"height: 24px;\">\n<td style=\"width: 35%; height: 24px;\">Resultados provisionales<\/td>\n<td style=\"width: 65%; height: 24px; text-align: center;\"><\/td>\n<\/tr>\n<tr style=\"height: 24px;\">\n<td style=\"width: 35%; height: 24px;\"><\/td>\n<td style=\"width: 65%; text-align: center; height: 24px;\"><strong><a style=\"display: inline-block; margin-top: 6px; padding: 6px 12px; background-color: #3e8e41; color: white; text-decoration: none; border-radius: 4px; font-size: 10pt;\" href=\"https:\/\/*****\">LISTADO<\/a><\/strong><\/td>\n<\/tr>\n<tr style=\"height: 24px;\">\n<td style=\"width: 35%; height: 24px;\">Reclamaci\u00f3n resultados provisionales<\/td>\n<td style=\"width: 65%; height: 24px; text-align: center;\"><\/td>\n<\/tr>\n<tr style=\"height: 24px;\">\n<td style=\"width: 35%; height: 24px;\"><\/td>\n<td style=\"width: 65%; text-align: center; height: 24px;\"><strong><a style=\"display: inline-block; margin-top: 6px; padding: 6px 12px; background-color: #3e8e41; color: white; text-decoration: none; border-radius: 4px; font-size: 10pt;\" href=\"https:\/\/*****\">DANZA<\/a><\/strong><\/td>\n<\/tr>\n<tr style=\"height: 24px;\">\n<td style=\"width: 35%; height: 24px;\">Resultados definitivos.<\/td>\n<td style=\"width: 65%; height: 24px; text-align: center;\"><\/td>\n<\/tr>\n<tr style=\"height: 24px;\">\n<td style=\"width: 35%; height: 24px;\"><\/td>\n<td style=\"width: 65%; text-align: center; height: 24px;\"><strong><a style=\"display: inline-block; margin-top: 6px; padding: 6px 12px; background-color: #3e8e41; color: white; text-decoration: none; border-radius: 4px; font-size: 10pt;\" href=\"https:\/\/*****\">DANZA<\/a><\/strong><\/td>\n<\/tr>\n<tr style=\"height: 24px;\">\n<td style=\"width: 35%; height: 24px;\">Adjudicaci\u00f3n vacantes<\/td>\n<td style=\"width: 65%; height: 24px; text-align: center;\"><\/td>\n<\/tr>\n<tr style=\"height: 24px;\">\n<td style=\"width: 35%; height: 24px;\">Matr\u00edcula del alumnado admitido.<\/td>\n<td style=\"width: 65%; height: 24px; text-align: center;\"><\/td>\n<\/tr>\n<tr style=\"height: 24px;\">\n<td style=\"width: 35%; height: 24px;\"><\/td>\n<td style=\"width: 65%; text-align: center; height: 24px;\"><strong><a style=\"display: inline-block; margin-top: 6px; padding: 6px 12px; background-color: #3e8e41; color: white; text-decoration: none; border-radius: 4px; font-size: 10pt;\" href=\"https:\/\/*****\">Pendiente<\/a><\/strong><\/td>\n<\/tr>\n<\/tbody>\n<\/table>\n<p align=\"justify\">\u00a0\u00a0\u00a0 Deber\u00e1 realizar la matr\u00edcula por el aplicativo <strong><a href=\"https:\/\/www.informaticacentros.com\/centrosnet\/ultralogin.php?tcentro=CMU&amp;centro=A15\" target=\"_blank\" rel=\"noopener\"><u>CENTROSNET,<\/u><\/a><\/strong> por lo tanto. se ruega a todo el alumnado que no se haya dado de alta en la plataforma CENTROSNET, que lo haga a la mayor brevedad posible.<\/p>\n<p align=\"justify\">\u21d2.<a href=\"https:\/\/conservatorio.orihuela.es\/wp-content\/uploads\/2022\/06\/MANUAL-MATRICULACION-CENTROSNET.pdf\">MANUAL MATRICULACION CENTROSNET<\/a><\/p>\n<p style=\"text-align: left;\" align=\"right\"><em><strong><span style=\"color: #ff0000;\">\u00a1\u00a1AVISO!!<\/span><\/strong><span style=\"color: #ff0000;\"> <strong>El pago de matr\u00edcula NO se puede realizar por medio de la aplicaci\u00f3n del m\u00f3vil<\/strong><\/span><\/em><\/p>\n\r\n\t\t<\/div>\r\n\t<\/div>\r\n<\/div><\/div><\/div><div class=\"wpb_column vc_column_container vc_col-sm-4\"><div class=\"vc_column-inner\"><div class=\"wpb_wrapper\"><div  class=\"wpb_widgetised_column wpb_content_element\">\r\n\t\t<div class=\"wpb_wrapper\">\r\n\t\t\t\r\n\t\t\t<nav id=\"bellows-main-42-max_mega_menu_4\" class=\"bellows bellows-nojs bellows-main bellows-source-menu bellows-align-full bellows-skin-blue-grey-material\"><ul id=\"menu-departamentos\" class=\"bellows-nav\" data-bellows-config=\"main\"><li id=\"menu-item-1876\" class=\"bellows-menu-item bellows-menu-item-type-post_type bellows-menu-item-object-page bellows-menu-item-1876 bellows-item-level-0\"><a  href=\"https:\/\/conservatorio.orihuela.es\/en\/departamentos\/cuerda\/\" class=\"bellows-target\"><span class=\"bellows-target-title bellows-target-text\">Cuerda<\/span><\/a><\/li>\n<li id=\"menu-item-1875\" class=\"bellows-menu-item bellows-menu-item-type-post_type bellows-menu-item-object-page bellows-menu-item-1875 bellows-item-level-0\"><a  href=\"https:\/\/conservatorio.orihuela.es\/en\/departamentos\/tecla\/\" class=\"bellows-target\"><span class=\"bellows-target-title bellows-target-text\">Tecla<\/span><\/a><\/li>\n<li id=\"menu-item-1874\" class=\"bellows-menu-item bellows-menu-item-type-post_type bellows-menu-item-object-page bellows-menu-item-1874 bellows-item-level-0\"><a  href=\"https:\/\/conservatorio.orihuela.es\/en\/departamentos\/viento-madera\/\" class=\"bellows-target\"><span class=\"bellows-target-title bellows-target-text\">Viento \u2013 Madera<\/span><\/a><\/li>\n<li id=\"menu-item-1873\" class=\"bellows-menu-item bellows-menu-item-type-post_type bellows-menu-item-object-page bellows-menu-item-1873 bellows-item-level-0\"><a  href=\"https:\/\/conservatorio.orihuela.es\/en\/departamentos\/viento-metal-y-percusion\/\" class=\"bellows-target\"><span class=\"bellows-target-title bellows-target-text\">Viento \u2013 Metal y Percusi\u00f3n<\/span><\/a><\/li>\n<li id=\"menu-item-1872\" class=\"bellows-menu-item bellows-menu-item-type-post_type bellows-menu-item-object-page bellows-menu-item-1872 bellows-item-level-0\"><a  href=\"https:\/\/conservatorio.orihuela.es\/en\/departamentos\/lenguaje-musical\/\" class=\"bellows-target\"><span class=\"bellows-target-title bellows-target-text\">Lenguaje Musical<\/span><\/a><\/li>\n<li id=\"menu-item-1871\" class=\"bellows-menu-item bellows-menu-item-type-post_type bellows-menu-item-object-page bellows-menu-item-1871 bellows-item-level-0\"><a  href=\"https:\/\/conservatorio.orihuela.es\/en\/departamentos\/agrupaciones\/\" class=\"bellows-target\"><span class=\"bellows-target-title bellows-target-text\">Agrupaciones Instrumentales<\/span><\/a><\/li>\n<li id=\"menu-item-2125\" class=\"bellows-menu-item bellows-menu-item-type-post_type bellows-menu-item-object-page bellows-menu-item-2125 bellows-item-level-0\"><a  href=\"https:\/\/conservatorio.orihuela.es\/en\/departamentos\/escuela-municipal-de-danza\/\" class=\"bellows-target\"><span class=\"bellows-target-title bellows-target-text\">Danza<\/span><\/a><\/li>\n<\/ul><\/nav>\r\n\t\t<\/div>\r\n\t<\/div>\r\n<\/div><\/div><\/div><\/div>\n<\/div>","protected":false},"excerpt":{"rendered":"ESCUELA MUNICIPAL DE DANZA DE ORIHUELA \ud83d\uddd3\ufe0f MATR\u00cdCULA DEL ALUMNADO QUE CONTIN\u00daA SUS ESTUDIOS EN LA ESCUELA MUNICIPAL DE DANZA EN EL CURSO 2026-2027 ACTUACIONES ADMINISTRATIVAS DANZA FECHAS MATRICULACI\u00d3N \ud83d\uddd3\ufe0f CALENDARIO DE LAS PRUEBAS DE ACCESO A LA ESCUELA MUNICIPAL DE DANZA PARA EL CURSO 2026-2027 (Resoluci\u00f3n de **** de 2026. DOGV n\u00ba ****) ACTUACIONES [...]","protected":false},"author":1,"featured_media":0,"parent":1792,"menu_order":0,"comment_status":"closed","ping_status":"closed","template":"","meta":{"inline_featured_image":false,"footnotes":""},"class_list":["post-2122","page","type-page","status-publish","hentry"],"aioseo_notices":[],"_links":{"self":[{"href":"https:\/\/conservatorio.orihuela.es\/en\/wp-json\/wp\/v2\/pages\/2122","targetHints":{"allow":["GET"]}}],"collection":[{"href":"https:\/\/conservatorio.orihuela.es\/en\/wp-json\/wp\/v2\/pages"}],"about":[{"href":"https:\/\/conservatorio.orihuela.es\/en\/wp-json\/wp\/v2\/types\/page"}],"author":[{"embeddable":true,"href":"https:\/\/conservatorio.orihuela.es\/en\/wp-json\/wp\/v2\/users\/1"}],"replies":[{"embeddable":true,"href":"https:\/\/conservatorio.orihuela.es\/en\/wp-json\/wp\/v2\/comments?post=2122"}],"version-history":[{"count":103,"href":"https:\/\/conservatorio.orihuela.es\/en\/wp-json\/wp\/v2\/pages\/2122\/revisions"}],"predecessor-version":[{"id":5436,"href":"https:\/\/conservatorio.orihuela.es\/en\/wp-json\/wp\/v2\/pages\/2122\/revisions\/5436"}],"up":[{"embeddable":true,"href":"https:\/\/conservatorio.orihuela.es\/en\/wp-json\/wp\/v2\/pages\/1792"}],"wp:attachment":[{"href":"https:\/\/conservatorio.orihuela.es\/en\/wp-json\/wp\/v2\/media?parent=2122"}],"curies":[{"name":"wp","href":"https:\/\/api.w.org\/{rel}","templated":true}]}}