{"id":1499,"date":"2021-10-05T11:57:32","date_gmt":"2021-10-05T11:57:32","guid":{"rendered":"https:\/\/conservatorio.orihuela.es\/?page_id=1499"},"modified":"2026-04-09T14:40:37","modified_gmt":"2026-04-09T12:40:37","slug":"calendario-para-la-realizacion-de-las-pruebas-de-acceso","status":"publish","type":"page","link":"https:\/\/conservatorio.orihuela.es\/en\/secretaria\/calendario-para-la-realizacion-de-las-pruebas-de-acceso\/","title":{"rendered":"Calendario para la realizaci\u00f3n de las pruebas de acceso"},"content":{"rendered":"<div class=\"wpb-content-wrapper\"><div class=\"vc_row wpb_row vc_row-fluid\"><div class=\"wpb_column vc_column_container vc_col-sm-8\"><div class=\"vc_column-inner\"><div class=\"wpb_wrapper\">\r\n\t<div class=\"wpb_text_column wpb_content_element\" >\r\n\t\t<div class=\"wpb_wrapper\">\r\n\t\t\t<h4><span style=\"font-size: 24pt;\">\ud83d\uddd3\ufe0f <\/span><span style=\"font-size: 18pt;\"><span style=\"line-height: 1.5;\"><strong><span style=\"color: #800080;\">CALENDARIO DE LAS PRUEBAS DE ACCESO A <\/span><\/strong><\/span><span style=\"line-height: 1.5;\"><strong><span style=\"color: #800080;\">LAS ENSE\u00d1ANZAS ELEMENTALES Y PROFESIONALES DE M\u00daSICA<\/span><\/strong><\/span><span style=\"line-height: 1.5;\"><strong><span style=\"color: #800080;\"> PARA EL CURSO 2026-2027<\/span><\/strong><\/span><\/span><\/h4>\n<h4 style=\"color: #2c3e50; font-size: 18pt; text-align: center;\"><span style=\"font-size: 24pt; line-height: 1.5; color: #ff0000;\"><strong><span style=\"font-size: 14pt;\">(Resoluci\u00f3n de **** de 2026. DOGV n\u00ba ****)<\/span><\/strong><\/span><\/h4>\n<p>&nbsp;<\/p>\n<table style=\"border-collapse: collapse; width: 100%; height: auto;\">\n<tbody>\n<tr style=\"height: 24px;\">\n<td style=\"width: 30%; height: 24px; text-align: center;\"><span style=\"color: #0000ff; font-size: 10pt;\"><strong>ACTUACIONES ADMINISTRATIVAS<\/strong><\/span><\/td>\n<td style=\"width: 23%; height: 24px; text-align: center;\"><span style=\"color: #0000ff; font-size: 10pt;\"><strong>PROFESIONAL 1\u00aa CONV.<\/strong><\/span><\/td>\n<td style=\"width: 24%; height: 24px; text-align: center;\"><span style=\"color: #0000ff; font-size: 10pt;\"><strong>ELEMENTAL<\/strong><\/span><\/td>\n<td style=\"width: 23%; height: 24px; text-align: center;\"><span style=\"color: #0000ff; font-size: 10pt;\"><strong>PROFESIONAL 2\u00aa CONV.<\/strong><\/span><\/td>\n<\/tr>\n<\/tbody>\n<tbody>\n<tr style=\"height: 38px;\">\n<td style=\"width: 30%; height: 38px;\"><span style=\"color: #ff0000; font-size: 10pt;\"><strong>RELACI\u00d3N PROVISIONAL DE VACANTES<\/strong><\/span><\/td>\n<td style=\"width: 23%; text-align: center; height: 38px;\"><span style=\"font-size: 10pt;\"><strong><a style=\"display: inline-block; margin-top: 6px; padding: 6px 12px; background-color: #003366; color: white; text-decoration: none; border-radius: 4px;\" href=\"http:\/\/*****\">Profesional<\/a><\/strong><\/span><\/td>\n<td style=\"width: 24%; text-align: center; height: 38px;\"><span style=\"font-size: 10pt;\"><strong><a style=\"display: inline-block; margin-top: 6px; padding: 6px 12px; background-color: #6f42c1; color: white; text-decoration: none; border-radius: 4px;\" href=\"http:\/\/*****\">Elemental<\/a><\/strong><\/span><\/td>\n<td style=\"width: 23%; text-align: center; height: 38px;\"><span style=\"font-size: 10pt;\"><strong><a style=\"display: inline-block; margin-top: 6px; padding: 6px 12px; background-color: #0073aa; color: white; text-decoration: none; border-radius: 4px;\" href=\"http:\/\/*****\">Profesional<\/a><\/strong><\/span><\/td>\n<\/tr>\n<tr style=\"height: 24px;\">\n<td style=\"width: 30%; height: 24px;\"><span style=\"font-size: 10pt;\">(Las vacantes definitivas depender\u00e1n de la matr\u00edcula final del alumnado que ya est\u00e1 cursando estos estudios, por lo que podr\u00edan aumentar o disminuir)<\/span><\/td>\n<td style=\"width: 23%; height: 24px;\"><\/td>\n<td style=\"width: 24%; height: 24px;\"><\/td>\n<td style=\"width: 23%; height: 24px;\"><\/td>\n<\/tr>\n<tr style=\"height: 5px;\">\n<td style=\"width: 30%; height: 5px; padding: 0; line-height: 5px; font-size: 1px;\"><\/td>\n<td style=\"width: 23%; height: 5px; padding: 0; line-height: 5px; font-size: 1px;\"><\/td>\n<td style=\"width: 24%; height: 5px; padding: 0px; line-height: 5px; font-size: 1px;\"><\/td>\n<td style=\"width: 23%; height: 5px; padding: 0px; line-height: 5px; font-size: 1px;\"><\/td>\n<\/tr>\n<tr style=\"height: 24px;\">\n<td style=\"width: 30%; height: 24px;\"><span style=\"color: #ff0000; font-size: 10pt;\"><strong>INSCRIPCI\u00d3N<\/strong><\/span><\/td>\n<td style=\"width: 23%; height: 24px;\"><\/td>\n<td style=\"width: 24%; height: 24px;\"><\/td>\n<td style=\"width: 23%; height: 24px;\"><\/td>\n<\/tr>\n<tr style=\"height: 24px;\">\n<td style=\"width: 30%; height: 24px;\"><\/td>\n<td style=\"width: 23%; text-align: center; height: 24px;\"><span style=\"font-size: 10pt;\"><strong><a style=\"display: inline-block; margin-top: 6px; padding: 6px 12px; background-color: #003366; color: white; text-decoration: none; border-radius: 4px;\" href=\"http:\/\/*****\">Profesional<\/a><\/strong><\/span><\/td>\n<td style=\"width: 24%; text-align: center; height: 24px;\"><span style=\"font-size: 10pt;\"><strong><a style=\"display: inline-block; margin-top: 6px; padding: 6px 12px; background-color: #6f42c1; color: white; text-decoration: none; border-radius: 4px;\" href=\"http:\/\/*****\">Elemental<\/a><\/strong><\/span><\/td>\n<td style=\"width: 23%; text-align: center; height: 24px;\"><span style=\"font-size: 10pt;\"><strong><a style=\"display: inline-block; margin-top: 6px; padding: 6px 12px; background-color: #0073aa; color: white; text-decoration: none; border-radius: 4px;\" href=\"http:\/\/*****\">Profesional<\/a><\/strong><\/span><\/td>\n<\/tr>\n<tr style=\"height: 24px;\">\n<td style=\"width: 30%; height: 24px;\"><span style=\"font-size: 10pt;\">Listado provisional admitidos y excluidos.<\/span><\/td>\n<td style=\"width: 23%; height: 24px;\"><\/td>\n<td style=\"width: 24%; height: 24px;\"><\/td>\n<td style=\"width: 23%; height: 24px;\"><\/td>\n<\/tr>\n<tr style=\"height: 24px;\">\n<td style=\"width: 30%; height: 24px;\"><\/td>\n<td style=\"width: 23%; text-align: center; height: 24px;\"><span style=\"font-size: 10pt;\"><strong><a style=\"display: inline-block; margin-top: 6px; padding: 6px 12px; background-color: #003366; color: white; text-decoration: none; border-radius: 4px;\" href=\"http:\/\/*****\">Profesional<\/a><\/strong><\/span><\/td>\n<td style=\"width: 24%; text-align: center; height: 24px;\">\n<div style=\"display: flex; justify-content: space-around;\"><span style=\"font-size: 10pt;\"><a style=\"display: inline-block; padding: 6px 12px; background-color: #6f42c1; color: white; text-decoration: none; border-radius: 4px;\" href=\"http:\/\/*****\">Elemental 1\u00ba<\/a><\/span><br \/>\n<span style=\"font-size: 10pt;\"><a style=\"display: inline-block; padding: 6px 12px; background-color: #007bff; color: white; text-decoration: none; border-radius: 4px;\" href=\"http:\/\/*****\">Cursos distintos de 1\u00ba<\/a><\/span><\/div>\n<\/td>\n<td style=\"width: 23%; text-align: center; height: 24px;\"><span style=\"font-size: 10pt;\"><strong><a style=\"display: inline-block; margin-top: 6px; padding: 6px 12px; background-color: #0073aa; color: white; text-decoration: none; border-radius: 4px;\" href=\"http:\/\/*****\">Profesional<\/a><\/strong><\/span><\/td>\n<\/tr>\n<tr style=\"height: 24px;\">\n<td style=\"width: 30%; height: 24px;\"><span style=\"font-size: 10pt;\">Reclamaci\u00f3n listado provisional<\/span><\/td>\n<td style=\"width: 23%; height: 24px;\"><\/td>\n<td style=\"width: 24%; height: 24px;\"><\/td>\n<td style=\"width: 23%; height: 24px;\"><\/td>\n<\/tr>\n<tr style=\"height: 24px;\">\n<td style=\"width: 30%; height: 24px;\"><\/td>\n<td style=\"width: 23%; text-align: center; height: 24px;\"><span style=\"font-size: 10pt;\"><strong><a style=\"display: inline-block; margin-top: 6px; padding: 6px 12px; background-color: #003366; color: white; text-decoration: none; border-radius: 4px;\" href=\"http:\/\/*****\">Profesional<\/a><\/strong><\/span><\/td>\n<td style=\"width: 24%; text-align: center; height: 24px;\"><span style=\"font-size: 10pt;\"><strong><a style=\"display: inline-block; margin-top: 6px; padding: 6px 12px; background-color: #6f42c1; color: white; text-decoration: none; border-radius: 4px;\" href=\"http:\/\/*****\">Elemental<\/a><\/strong><\/span><\/td>\n<td style=\"width: 23%; text-align: center; height: 24px;\"><span style=\"font-size: 10pt;\"><strong><a style=\"display: inline-block; margin-top: 6px; padding: 6px 12px; background-color: #0073aa; color: white; text-decoration: none; border-radius: 4px;\" href=\"http:\/\/*****\">Profesional<\/a><\/strong><\/span><\/td>\n<\/tr>\n<tr style=\"height: 24px;\">\n<td style=\"width: 30%; height: 24px;\"><span style=\"font-size: 10pt;\">Listado definitivo admitidos y excluidos.<\/span><\/td>\n<td style=\"width: 23%; height: 24px;\"><\/td>\n<td style=\"width: 24%; height: 24px;\"><\/td>\n<td style=\"width: 23%; height: 24px;\"><\/td>\n<\/tr>\n<tr style=\"height: 24px;\">\n<td style=\"width: 30%; height: 24px;\"><\/td>\n<td style=\"width: 23%; text-align: center; height: 24px;\"><span style=\"font-size: 10pt;\"><strong><a style=\"display: inline-block; margin-top: 6px; padding: 6px 12px; background-color: #003366; color: white; text-decoration: none; border-radius: 4px;\" href=\"http:\/\/*****\">Profesional<\/a><\/strong><\/span><\/td>\n<td style=\"width: 24%; text-align: center; height: 24px;\">\n<div style=\"display: flex; justify-content: space-around;\"><span style=\"font-size: 10pt;\"><a style=\"display: inline-block; padding: 6px 12px; background-color: #6f42c1; color: white; text-decoration: none; border-radius: 4px;\" href=\"http:\/\/*****\">Elemental 1\u00ba<\/a><\/span><br \/>\n<span style=\"font-size: 10pt;\"><a style=\"display: inline-block; padding: 6px 12px; background-color: #007bff; color: white; text-decoration: none; border-radius: 4px;\" href=\"http:\/\/*****\">Cursos distintos de 1\u00ba<\/a><\/span><\/div>\n<\/td>\n<td style=\"width: 23%; text-align: center; height: 24px;\"><span style=\"font-size: 10pt;\"><strong><a style=\"display: inline-block; margin-top: 6px; padding: 6px 12px; background-color: #0073aa; color: white; text-decoration: none; border-radius: 4px;\" href=\"http:\/\/*****\">Profesional<\/a><\/strong><\/span><\/td>\n<\/tr>\n<tr style=\"height: 24px;\">\n<td style=\"width: 30%; height: 24px;\"><span style=\"font-size: 10pt;\"><strong><span style=\"color: #ff0000;\">REALIZACI\u00d3N PRUEBAS<\/span><\/strong><\/span><\/td>\n<td style=\"width: 23%; height: 24px;\"><\/td>\n<td style=\"width: 24%; height: 24px;\"><\/td>\n<td style=\"width: 23%; height: 24px;\"><\/td>\n<\/tr>\n<tr style=\"height: 24px;\">\n<td style=\"width: 30%; height: 24px;\"><span style=\"font-size: 10pt;\">Resultados provisionales<\/span><\/td>\n<td style=\"width: 23%; height: 24px;\"><\/td>\n<td style=\"width: 24%; height: 24px;\"><\/td>\n<td style=\"width: 23%; height: 24px;\"><\/td>\n<\/tr>\n<tr style=\"height: 24px;\">\n<td style=\"width: 30%; height: 24px;\"><\/td>\n<td style=\"width: 23%; text-align: center; height: 24px;\"><span style=\"font-size: 10pt;\"><strong><a style=\"display: inline-block; margin-top: 6px; padding: 6px 12px; background-color: #003366; color: white; text-decoration: none; border-radius: 4px;\" href=\"http:\/\/*****\">Profesional<\/a><\/strong><\/span><\/td>\n<td style=\"width: 24%; text-align: center; height: 24px;\">\n<div style=\"display: flex; justify-content: space-around;\"><span style=\"font-size: 10pt;\"><a style=\"display: inline-block; padding: 6px 12px; background-color: #6f42c1; color: white; text-decoration: none; border-radius: 4px;\" href=\"http:\/\/*****\">Elemental 1\u00ba<\/a><\/span><br \/>\n<span style=\"font-size: 10pt;\"><a style=\"display: inline-block; padding: 6px 12px; background-color: #007bff; color: white; text-decoration: none; border-radius: 4px;\" href=\"http:\/\/*****\">Cursos distintos de 1\u00ba<\/a><\/span><\/div>\n<\/td>\n<td style=\"width: 23%; text-align: center; height: 24px;\"><span style=\"font-size: 10pt;\"><strong><a style=\"display: inline-block; margin-top: 6px; padding: 6px 12px; background-color: #0073aa; color: white; text-decoration: none; border-radius: 4px;\" href=\"http:\/\/*****\">Profesional<\/a><\/strong><\/span><\/td>\n<\/tr>\n<tr style=\"height: 24px;\">\n<td style=\"width: 30%; height: 24px;\"><span style=\"font-size: 10pt;\">Reclamaci\u00f3n resultados provisionales<\/span><\/td>\n<td style=\"width: 23%; height: 24px;\"><\/td>\n<td style=\"width: 24%; height: 24px;\"><\/td>\n<td style=\"width: 23%; height: 24px;\"><\/td>\n<\/tr>\n<tr style=\"height: 24px;\">\n<td style=\"width: 30%; height: 24px;\"><\/td>\n<td style=\"width: 23%; text-align: center; height: 24px;\"><span style=\"font-size: 10pt;\"><strong><a style=\"display: inline-block; margin-top: 6px; padding: 6px 12px; background-color: #003366; color: white; text-decoration: none; border-radius: 4px;\" href=\"http:\/\/*****\">Profesional<\/a><\/strong><\/span><\/td>\n<td style=\"width: 24%; text-align: center; height: 24px;\"><span style=\"font-size: 10pt;\"><strong><a style=\"display: inline-block; margin-top: 6px; padding: 6px 12px; background-color: #6f42c1; color: white; text-decoration: none; border-radius: 4px;\" href=\"http:\/\/*****\">Elemental<\/a><\/strong><\/span><\/td>\n<td style=\"width: 23%; text-align: center; height: 24px;\"><span style=\"font-size: 10pt;\"><strong><a style=\"display: inline-block; margin-top: 6px; padding: 6px 12px; background-color: #0073aa; color: white; text-decoration: none; border-radius: 4px;\" href=\"http:\/\/*****\">Profesional<\/a><\/strong><\/span><\/td>\n<\/tr>\n<tr style=\"height: 24px;\">\n<td style=\"width: 30%; height: 24px;\"><span style=\"font-size: 10pt;\">Resultados definitivos.<\/span><\/td>\n<td style=\"width: 23%; height: 24px;\"><\/td>\n<td style=\"width: 24%; height: 24px;\"><\/td>\n<td style=\"width: 23%; height: 24px;\"><\/td>\n<\/tr>\n<tr style=\"height: 24px;\">\n<td style=\"width: 30%; height: 24px;\"><\/td>\n<td style=\"width: 23%; text-align: center; height: 24px;\"><span style=\"font-size: 10pt;\"><strong><a style=\"display: inline-block; margin-top: 6px; padding: 6px 12px; background-color: #003366; color: white; text-decoration: none; border-radius: 4px;\" href=\"http:\/\/*****\">Profesional<\/a><\/strong><\/span><\/td>\n<td style=\"width: 24%; text-align: center; height: 24px;\">\n<div style=\"display: flex; justify-content: space-around;\"><span style=\"font-size: 10pt;\"><a style=\"display: inline-block; padding: 6px 12px; background-color: #6f42c1; color: white; text-decoration: none; border-radius: 4px;\" href=\"http:\/\/*****\">Elemental 1\u00ba<\/a><\/span><br \/>\n<span style=\"font-size: 10pt;\"><a style=\"display: inline-block; padding: 6px 12px; background-color: #007bff; color: white; text-decoration: none; border-radius: 4px;\" href=\"http:\/\/*****\">Cursos distintos de 1\u00ba<\/a><\/span><\/div>\n<\/td>\n<td style=\"width: 23%; text-align: center; height: 24px;\"><span style=\"font-size: 10pt;\"><strong><a style=\"display: inline-block; margin-top: 6px; padding: 6px 12px; background-color: #0073aa; color: white; text-decoration: none; border-radius: 4px;\" href=\"http:\/\/*****\">Profesional<\/a><\/strong><\/span><\/td>\n<\/tr>\n<tr style=\"height: 24px;\">\n<td style=\"width: 30%; height: 24px;\"><span style=\"font-size: 10pt;\">Adjudicaci\u00f3n vacantes<\/span><\/td>\n<td style=\"width: 23%; height: 24px;\"><\/td>\n<td style=\"width: 24%; height: 24px;\"><\/td>\n<td style=\"width: 23%; height: 24px;\"><\/td>\n<\/tr>\n<tr style=\"height: 24px;\">\n<td style=\"width: 30%; height: 24px;\"><span style=\"font-size: 10pt;\">Matr\u00edcula del alumnado admitido.<\/span><\/td>\n<td style=\"width: 23%; height: 24px;\"><\/td>\n<td style=\"width: 24%; height: 24px;\"><\/td>\n<td style=\"width: 23%; height: 24px;\"><\/td>\n<\/tr>\n<tr style=\"height: 24px;\">\n<td style=\"width: 30%; height: 24px;\"><\/td>\n<td style=\"width: 23%; text-align: center; height: 24px;\"><span style=\"font-size: 10pt;\"><strong><a style=\"display: inline-block; margin-top: 6px; padding: 6px 12px; background-color: #003366; color: white; text-decoration: none; border-radius: 4px;\" href=\"http:\/\/*****\">Profesional<\/a><\/strong><\/span><\/td>\n<td style=\"width: 24%; text-align: center; height: 24px;\">\n<div style=\"display: flex; justify-content: space-around;\"><span style=\"font-size: 10pt;\"><a style=\"display: inline-block; padding: 6px 12px; background-color: #6f42c1; color: white; text-decoration: none; border-radius: 4px;\" href=\"http:\/\/*****\">Elemental 1\u00ba<\/a><\/span><br \/>\n<span style=\"font-size: 10pt;\"><a style=\"display: inline-block; padding: 6px 12px; background-color: #007bff; color: white; text-decoration: none; border-radius: 4px;\" href=\"http:\/\/*****\">Cursos distinto de 1\u00ba<\/a><\/span><\/div>\n<\/td>\n<td style=\"width: 23%; text-align: center; height: 24px;\"><span style=\"font-size: 10pt;\"><strong><a style=\"display: inline-block; margin-top: 6px; padding: 6px 12px; background-color: #0073aa; color: white; text-decoration: none; border-radius: 4px;\" href=\"http:\/\/*****\">Profesional<\/a><\/strong><\/span><\/td>\n<\/tr>\n<\/tbody>\n<\/table>\n\r\n\t\t<\/div>\r\n\t<\/div>\r\n\r\n\t<div class=\"wpb_text_column wpb_content_element\" >\r\n\t\t<div class=\"wpb_wrapper\">\r\n\t\t\t\r\n\t\t<\/div>\r\n\t<\/div>\r\n<\/div><\/div><\/div><div class=\"wpb_column vc_column_container vc_col-sm-4\"><div class=\"vc_column-inner\"><div class=\"wpb_wrapper\"><div  class=\"wpb_widgetised_column wpb_content_element\">\r\n\t\t<div class=\"wpb_wrapper\">\r\n\t\t\t\r\n\t\t\t<div class=\"widget bellows_navigation_widget-class\"><div class=\"widget-content\"><nav class=\"bellows-nav\"><ul>\n<li id=\"menu-item--4579\" class=\"menu-item-4579 item-level-0\"><\/li>\n<li id=\"menu-item--1703\" class=\"menu-item-1703 item-level-0\"><\/li>\n<li id=\"menu-item--2534\" class=\"menu-item-2534 item-level-0\"><\/li>\n<li id=\"menu-item--1358\" class=\"menu-item-1358 item-level-0\"><\/li>\n<li id=\"menu-item--1119\" class=\"menu-item-1119 item-level-0\"><\/li>\n<li id=\"menu-item--1807\" class=\"menu-item-1807 item-level-0\"><\/li>\n<li id=\"menu-item--2126\" class=\"menu-item-2126 item-level-0\"><\/li>\n<li id=\"menu-item--2288\" class=\"menu-item-2288 item-level-0\"><\/li>\n<li id=\"menu-item--3453\" class=\"menu-item-3453 item-level-0\"><\/li>\n<li id=\"menu-item--1835\" class=\"menu-item-1835 item-level-0\"><\/li>\n<li id=\"menu-item--1705\" class=\"menu-item-1705 item-level-0\"><\/li>\n<li id=\"menu-item--1708\" class=\"menu-item-1708 item-level-0\"><\/li>\n<li id=\"menu-item--1710\" class=\"menu-item-1710 item-level-0\"><\/li>\n<li id=\"menu-item--3960\" class=\"menu-item-3960 item-level-0\"><\/li>\n<li id=\"menu-item--1499\" class=\"menu-item-1499 item-level-0\"><\/li>\n<li id=\"menu-item--1648\" class=\"menu-item-1648 item-level-0\"><\/li>\n<li id=\"menu-item--1165\" class=\"menu-item-1165 item-level-0\"><\/li>\n<li id=\"menu-item--2033\" class=\"menu-item-2033 item-level-0\"><\/li>\n<li id=\"menu-item--1841\" class=\"menu-item-1841 item-level-0\"><\/li>\n<li id=\"menu-item--1843\" class=\"menu-item-1843 item-level-0\"><\/li>\n<li id=\"menu-item--2492\" class=\"menu-item-2492 item-level-0\"><\/li>\n<li id=\"menu-item--2501\" class=\"menu-item-2501 item-level-0\"><\/li>\n<li id=\"menu-item--45\" class=\"menu-item-45 item-level-0\"><\/li>\n<li id=\"menu-item--3948\" class=\"menu-item-3948 item-level-0\"><\/li>\n<li id=\"menu-item--1794\" class=\"menu-item-1794 item-level-0\"><\/li>\n<li id=\"menu-item--1792\" class=\"menu-item-1792 item-level-0\"><\/li>\n<li id=\"menu-item--1117\" class=\"menu-item-1117 item-level-0\"><\/li>\n<li id=\"menu-item--1311\" class=\"menu-item-1311 item-level-0\"><\/li>\n<li id=\"menu-item--1400\" class=\"menu-item-1400 item-level-0\"><\/li>\n<li id=\"menu-item--2122\" class=\"menu-item-2122 item-level-0\"><\/li>\n<li id=\"menu-item--3956\" class=\"menu-item-3956 item-level-0\"><\/li>\n<li id=\"menu-item--1302\" class=\"menu-item-1302 item-level-0\"><\/li>\n<li id=\"menu-item--3507\" class=\"menu-item-3507 item-level-0\"><\/li>\n<li id=\"menu-item--2829\" class=\"menu-item-2829 item-level-0\"><\/li>\n<li id=\"menu-item--1151\" class=\"menu-item-1151 item-level-0\"><\/li>\n<li id=\"menu-item--2972\" class=\"menu-item-2972 item-level-0\"><\/li>\n<li id=\"menu-item--4577\" class=\"menu-item-4577 item-level-0\"><\/li>\n<li id=\"menu-item--1845\" class=\"menu-item-1845 item-level-0\"><\/li>\n<li id=\"menu-item--2035\" class=\"menu-item-2035 item-level-0\"><\/li>\n<li id=\"menu-item--1701\" class=\"menu-item-1701 item-level-0\"><\/li>\n<li id=\"menu-item--198\" class=\"menu-item-198 item-level-0\"><\/li>\n<li id=\"menu-item--1189\" class=\"menu-item-1189 item-level-0\"><\/li>\n<li id=\"menu-item--1804\" class=\"menu-item-1804 item-level-0\"><\/li>\n<li id=\"menu-item--3967\" class=\"menu-item-3967 item-level-0\"><\/li>\n<li id=\"menu-item--1508\" class=\"menu-item-1508 item-level-0\"><\/li>\n<li id=\"menu-item--1698\" class=\"menu-item-1698 item-level-0\"><\/li>\n<li id=\"menu-item--1809\" class=\"menu-item-1809 item-level-0\"><\/li>\n<li id=\"menu-item--3950\" class=\"menu-item-3950 item-level-0\"><\/li>\n<li id=\"menu-item--496\" class=\"menu-item-496 item-level-0\"><\/li>\n<li id=\"menu-item--1673\" class=\"menu-item-1673 item-level-0\"><\/li>\n<li id=\"menu-item--1463\" class=\"menu-item-1463 item-level-0\"><\/li>\n<li id=\"menu-item--1310\" class=\"menu-item-1310 item-level-0\"><\/li>\n<li id=\"menu-item--4001\" class=\"menu-item-4001 item-level-0\"><\/li>\n<li id=\"menu-item--3946\" class=\"menu-item-3946 item-level-0\"><\/li>\n<li id=\"menu-item--2490\" class=\"menu-item-2490 item-level-0\"><\/li>\n<li id=\"menu-item--1185\" class=\"menu-item-1185 item-level-0\"><\/li>\n<li id=\"menu-item--2\" class=\"menu-item-2 item-level-0\"><\/li>\n<li id=\"menu-item--2494\" class=\"menu-item-2494 item-level-0\"><\/li>\n<li id=\"menu-item--1634\" class=\"menu-item-1634 item-level-0\"><\/li>\n<li id=\"menu-item--2156\" class=\"menu-item-2156 item-level-0\"><\/li>\n<li id=\"menu-item--2157\" class=\"menu-item-2157 item-level-0\"><\/li>\n<li id=\"menu-item--2129\" class=\"menu-item-2129 item-level-0\"><\/li>\n<li id=\"menu-item--2290\" class=\"menu-item-2290 item-level-0\"><\/li>\n<li id=\"menu-item--1812\" class=\"menu-item-1812 item-level-0\"><\/li>\n<li id=\"menu-item--2001\" class=\"menu-item-2001 item-level-0\"><\/li>\n<li id=\"menu-item--3588\" class=\"menu-item-3588 item-level-0\"><\/li>\n<li id=\"menu-item--1359\" class=\"menu-item-1359 item-level-0\"><\/li>\n<li id=\"menu-item--2168\" class=\"menu-item-2168 item-level-0\"><\/li>\n<li id=\"menu-item--1279\" class=\"menu-item-1279 item-level-0\"><\/li>\n<li id=\"menu-item--1118\" class=\"menu-item-1118 item-level-0\"><\/li>\n<li id=\"menu-item--2034\" class=\"menu-item-2034 item-level-0\"><\/li>\n<li id=\"menu-item--1291\" class=\"menu-item-1291 item-level-0\"><\/li>\n<li id=\"menu-item--1363\" class=\"menu-item-1363 item-level-0\"><\/li>\n<li id=\"menu-item--2147\" class=\"menu-item-2147 item-level-0\"><\/li>\n<li id=\"menu-item--1509\" class=\"menu-item-1509 item-level-0\"><\/li>\n<li id=\"menu-item--3952\" class=\"menu-item-3952 item-level-0\"><\/li>\n<li id=\"menu-item--5366\" class=\"menu-item-5366 item-level-0\"><\/li>\n<li id=\"menu-item--5361\" class=\"menu-item-5361 item-level-0\"><\/li>\n<li id=\"menu-item--4206\" class=\"menu-item-4206 item-level-0\"><\/li>\n<li id=\"menu-item--5370\" class=\"menu-item-5370 item-level-0\"><\/li>\n<li id=\"menu-item--3612\" class=\"menu-item-3612 item-level-0\"><\/li>\n<li id=\"menu-item--1831\" class=\"menu-item-1831 item-level-0\"><\/li>\n<li id=\"menu-item--2145\" class=\"menu-item-2145 item-level-0\"><\/li>\n<li id=\"menu-item--2292\" class=\"menu-item-2292 item-level-0\"><\/li>\n<li id=\"menu-item--1853\" class=\"menu-item-1853 item-level-0\"><\/li>\n<li id=\"menu-item--1507\" class=\"menu-item-1507 item-level-0\"><\/li>\n<li id=\"menu-item--1558\" class=\"menu-item-1558 item-level-0\"><\/li>\n<li id=\"menu-item--4238\" class=\"menu-item-4238 item-level-0\"><\/li>\n<li id=\"menu-item--1796\" class=\"menu-item-1796 item-level-0\"><\/li>\n<li id=\"menu-item--1799\" class=\"menu-item-1799 item-level-0\"><\/li>\n<li id=\"menu-item--1801\" class=\"menu-item-1801 item-level-0\"><\/li>\n<li id=\"menu-item--1838\" class=\"menu-item-1838 item-level-0\"><\/li>\n<\/ul><\/nav>\n<\/div><\/div>\r\n\t\t<\/div>\r\n\t<\/div>\r\n<\/div><\/div><\/div><\/div>\n<\/div>","protected":false},"excerpt":{"rendered":"\ud83d\uddd3\ufe0f CALENDARIO DE LAS PRUEBAS DE ACCESO A LAS ENSE\u00d1ANZAS ELEMENTALES Y PROFESIONALES DE M\u00daSICA PARA EL CURSO 2026-2027 (Resoluci\u00f3n de **** de 2026. DOGV n\u00ba ****) &nbsp; ACTUACIONES ADMINISTRATIVAS PROFESIONAL 1\u00aa CONV. ELEMENTAL PROFESIONAL 2\u00aa CONV. RELACI\u00d3N PROVISIONAL DE VACANTES Profesional Elemental Profesional (Las vacantes definitivas depender\u00e1n de la matr\u00edcula final del alumnado que [...]","protected":false},"author":1,"featured_media":0,"parent":1831,"menu_order":0,"comment_status":"closed","ping_status":"closed","template":"","meta":{"inline_featured_image":false,"footnotes":""},"class_list":["post-1499","page","type-page","status-publish","hentry"],"aioseo_notices":[],"_links":{"self":[{"href":"https:\/\/conservatorio.orihuela.es\/en\/wp-json\/wp\/v2\/pages\/1499","targetHints":{"allow":["GET"]}}],"collection":[{"href":"https:\/\/conservatorio.orihuela.es\/en\/wp-json\/wp\/v2\/pages"}],"about":[{"href":"https:\/\/conservatorio.orihuela.es\/en\/wp-json\/wp\/v2\/types\/page"}],"author":[{"embeddable":true,"href":"https:\/\/conservatorio.orihuela.es\/en\/wp-json\/wp\/v2\/users\/1"}],"replies":[{"embeddable":true,"href":"https:\/\/conservatorio.orihuela.es\/en\/wp-json\/wp\/v2\/comments?post=1499"}],"version-history":[{"count":324,"href":"https:\/\/conservatorio.orihuela.es\/en\/wp-json\/wp\/v2\/pages\/1499\/revisions"}],"predecessor-version":[{"id":5435,"href":"https:\/\/conservatorio.orihuela.es\/en\/wp-json\/wp\/v2\/pages\/1499\/revisions\/5435"}],"up":[{"embeddable":true,"href":"https:\/\/conservatorio.orihuela.es\/en\/wp-json\/wp\/v2\/pages\/1831"}],"wp:attachment":[{"href":"https:\/\/conservatorio.orihuela.es\/en\/wp-json\/wp\/v2\/media?parent=1499"}],"curies":[{"name":"wp","href":"https:\/\/api.w.org\/{rel}","templated":true}]}}